{"id":6899,"date":"2025-12-26T22:04:57","date_gmt":"2025-12-26T21:04:57","guid":{"rendered":"https:\/\/sigzentrum.ch\/?page_id=6899"},"modified":"2025-12-26T22:05:28","modified_gmt":"2025-12-26T21:05:28","slug":"dernek","status":"publish","type":"page","link":"https:\/\/sigzentrum.ch\/tr\/dernek\/","title":{"rendered":"Dernek"},"content":{"rendered":"\n<p>\u0130svi\u00e7re \u0130slam Toplumu (SIG), M\u00fcsl\u00fcmanlar\u0131n dini ya\u015fam\u0131n\u0131 kolayla\u015ft\u0131rmak amac\u0131yla kapsaml\u0131 dini, sosyal ve k\u00fclt\u00fcrel hizmetler sunan bir \u0130slam dini toplulu\u011fudur. Dernek, kanton \u015fubelerinin camileri i\u015fletme, inananlara dini ve k\u00fclt\u00fcrel destek sa\u011flama ve geni\u015f bir e\u011fitim yelpazesi sunma \u00e7abalar\u0131n\u0131 desteklemektedir. SIG, M\u00fcsl\u00fcmanlar\u0131n ya\u015fam ko\u015fullar\u0131n\u0131n iyile\u015ftirilmesi ve temel haklar\u0131n\u0131n korunmas\u0131 i\u00e7in \u00e7al\u0131\u015fmaktad\u0131r. SIG ayr\u0131ca toplumun t\u00fcm kesimleriyle diyalo\u011fu te\u015fvik etmekte ve \u0130svi\u00e7re hukuk d\u00fczenine a\u00e7\u0131k\u00e7a ba\u011fl\u0131l\u0131\u011f\u0131n\u0131 beyan etmektedir.<\/p>\n\n\n\n<p>Dernek, ulusal \u00e7\u0131karlar\u0131 ilgilendiren projeleri destekler ve koordine eder. Ayr\u0131ca, tek tek \u015fubelerin imkanlar\u0131n\u0131 a\u015fan projelerde yard\u0131m sunar.<\/p>\n\n\n\n<p>Dernek, \u0130svi\u00e7re&#8217;de \u0130slam inanc\u0131na sahip ki\u015filerin yasal stat\u00fcs\u00fcn\u00fc ve iyi entegrasyonunu sa\u011flamla\u015ft\u0131rmay\u0131 ama\u00e7lamakta ve bu hedef i\u00e7in di\u011fer kurulu\u015flarla da i\u015fbirli\u011fi yapmaktad\u0131r.<\/p>\n","protected":false},"excerpt":{"rendered":"<p>\u0130svi\u00e7re \u0130slam Toplumu (SIG), M\u00fcsl\u00fcmanlar\u0131n dini ya\u015fam\u0131n\u0131 kolayla\u015ft\u0131rmak amac\u0131yla kapsaml\u0131 dini, sosyal ve k\u00fclt\u00fcrel hizmetler sunan bir \u0130slam dini toplulu\u011fudur. Dernek, kanton \u015fubelerinin camileri i\u015fletme, inananlara dini ve k\u00fclt\u00fcrel destek sa\u011flama ve geni\u015f bir e\u011fitim yelpazesi sunma \u00e7abalar\u0131n\u0131 desteklemektedir. SIG, M\u00fcsl\u00fcmanlar\u0131n ya\u015fam ko\u015fullar\u0131n\u0131n iyile\u015ftirilmesi ve temel haklar\u0131n\u0131n korunmas\u0131 i\u00e7in \u00e7al\u0131\u015fmaktad\u0131r. SIG ayr\u0131ca toplumun t\u00fcm kesimleriyle [&hellip;]<\/p>\n","protected":false},"author":29,"featured_media":28,"parent":0,"menu_order":0,"comment_status":"closed","ping_status":"closed","template":"","meta":{"_acf_changed":false,"footnotes":""},"class_list":["post-6899","page","type-page","status-publish","has-post-thumbnail","hentry"],"acf":[],"yoast_head":"<!-- This site is optimized with the Yoast SEO plugin v26.6 - https:\/\/yoast.com\/wordpress\/plugins\/seo\/ -->\n<title>Dernek - Schweizerische Islamische Gemeinschaft - SIG<\/title>\n<meta name=\"robots\" content=\"index, follow, max-snippet:-1, max-image-preview:large, max-video-preview:-1\" \/>\n<link rel=\"canonical\" href=\"https:\/\/sigzentrum.ch\/tr\/dernek\/\" \/>\n<meta property=\"og:locale\" content=\"tr_TR\" \/>\n<meta property=\"og:type\" content=\"article\" \/>\n<meta property=\"og:title\" content=\"Dernek - Schweizerische Islamische Gemeinschaft - SIG\" \/>\n<meta property=\"og:description\" content=\"\u0130svi\u00e7re \u0130slam Toplumu (SIG), M\u00fcsl\u00fcmanlar\u0131n dini ya\u015fam\u0131n\u0131 kolayla\u015ft\u0131rmak amac\u0131yla kapsaml\u0131 dini, sosyal ve k\u00fclt\u00fcrel hizmetler sunan bir \u0130slam dini toplulu\u011fudur. Dernek, kanton \u015fubelerinin camileri i\u015fletme, inananlara dini ve k\u00fclt\u00fcrel destek sa\u011flama ve geni\u015f bir e\u011fitim yelpazesi sunma \u00e7abalar\u0131n\u0131 desteklemektedir. SIG, M\u00fcsl\u00fcmanlar\u0131n ya\u015fam ko\u015fullar\u0131n\u0131n iyile\u015ftirilmesi ve temel haklar\u0131n\u0131n korunmas\u0131 i\u00e7in \u00e7al\u0131\u015fmaktad\u0131r. SIG ayr\u0131ca toplumun t\u00fcm kesimleriyle [&hellip;]\" \/>\n<meta property=\"og:url\" content=\"https:\/\/sigzentrum.ch\/tr\/dernek\/\" \/>\n<meta property=\"og:site_name\" content=\"Schweizerische Islamische Gemeinschaft - SIG\" \/>\n<meta property=\"article:modified_time\" content=\"2025-12-26T21:05:28+00:00\" \/>\n<meta property=\"og:image\" content=\"https:\/\/sigzentrum.ch\/wp-content\/uploads\/2018\/09\/gebaeude.jpg\" \/>\n\t<meta property=\"og:image:width\" content=\"1800\" \/>\n\t<meta property=\"og:image:height\" content=\"1350\" \/>\n\t<meta property=\"og:image:type\" content=\"image\/jpeg\" \/>\n<meta name=\"twitter:card\" content=\"summary_large_image\" \/>\n<meta name=\"twitter:label1\" content=\"Tahmini okuma s\u00fcresi\" \/>\n\t<meta name=\"twitter:data1\" content=\"1 minute\" \/>\n<script type=\"application\/ld+json\" class=\"yoast-schema-graph\">{\"@context\":\"https:\/\/schema.org\",\"@graph\":[{\"@type\":\"WebPage\",\"@id\":\"https:\/\/sigzentrum.ch\/tr\/dernek\/\",\"url\":\"https:\/\/sigzentrum.ch\/tr\/dernek\/\",\"name\":\"Dernek - Schweizerische Islamische Gemeinschaft - SIG\",\"isPartOf\":{\"@id\":\"https:\/\/sigzentrum.ch\/tr\/#website\"},\"primaryImageOfPage\":{\"@id\":\"https:\/\/sigzentrum.ch\/tr\/dernek\/#primaryimage\"},\"image\":{\"@id\":\"https:\/\/sigzentrum.ch\/tr\/dernek\/#primaryimage\"},\"thumbnailUrl\":\"https:\/\/sigzentrum.ch\/wp-content\/uploads\/2018\/09\/gebaeude.jpg\",\"datePublished\":\"2025-12-26T21:04:57+00:00\",\"dateModified\":\"2025-12-26T21:05:28+00:00\",\"breadcrumb\":{\"@id\":\"https:\/\/sigzentrum.ch\/tr\/dernek\/#breadcrumb\"},\"inLanguage\":\"tr-TR\",\"potentialAction\":[{\"@type\":\"ReadAction\",\"target\":[\"https:\/\/sigzentrum.ch\/tr\/dernek\/\"]}]},{\"@type\":\"ImageObject\",\"inLanguage\":\"tr-TR\",\"@id\":\"https:\/\/sigzentrum.ch\/tr\/dernek\/#primaryimage\",\"url\":\"https:\/\/sigzentrum.ch\/wp-content\/uploads\/2018\/09\/gebaeude.jpg\",\"contentUrl\":\"https:\/\/sigzentrum.ch\/wp-content\/uploads\/2018\/09\/gebaeude.jpg\",\"width\":1800,\"height\":1350},{\"@type\":\"BreadcrumbList\",\"@id\":\"https:\/\/sigzentrum.ch\/tr\/dernek\/#breadcrumb\",\"itemListElement\":[{\"@type\":\"ListItem\",\"position\":1,\"name\":\"Home\",\"item\":\"https:\/\/sigzentrum.ch\/tr\/\"},{\"@type\":\"ListItem\",\"position\":2,\"name\":\"Dernek\"}]},{\"@type\":\"WebSite\",\"@id\":\"https:\/\/sigzentrum.ch\/tr\/#website\",\"url\":\"https:\/\/sigzentrum.ch\/tr\/\",\"name\":\"Schweizerische Islamische Gemeinschaft - SIG\",\"description\":\"\",\"potentialAction\":[{\"@type\":\"SearchAction\",\"target\":{\"@type\":\"EntryPoint\",\"urlTemplate\":\"https:\/\/sigzentrum.ch\/tr\/?s={search_term_string}\"},\"query-input\":{\"@type\":\"PropertyValueSpecification\",\"valueRequired\":true,\"valueName\":\"search_term_string\"}}],\"inLanguage\":\"tr-TR\"}]}<\/script>\n<!-- \/ Yoast SEO plugin. -->","yoast_head_json":{"title":"Dernek - Schweizerische Islamische Gemeinschaft - SIG","robots":{"index":"index","follow":"follow","max-snippet":"max-snippet:-1","max-image-preview":"max-image-preview:large","max-video-preview":"max-video-preview:-1"},"canonical":"https:\/\/sigzentrum.ch\/tr\/dernek\/","og_locale":"tr_TR","og_type":"article","og_title":"Dernek - Schweizerische Islamische Gemeinschaft - SIG","og_description":"\u0130svi\u00e7re \u0130slam Toplumu (SIG), M\u00fcsl\u00fcmanlar\u0131n dini ya\u015fam\u0131n\u0131 kolayla\u015ft\u0131rmak amac\u0131yla kapsaml\u0131 dini, sosyal ve k\u00fclt\u00fcrel hizmetler sunan bir \u0130slam dini toplulu\u011fudur. Dernek, kanton \u015fubelerinin camileri i\u015fletme, inananlara dini ve k\u00fclt\u00fcrel destek sa\u011flama ve geni\u015f bir e\u011fitim yelpazesi sunma \u00e7abalar\u0131n\u0131 desteklemektedir. SIG, M\u00fcsl\u00fcmanlar\u0131n ya\u015fam ko\u015fullar\u0131n\u0131n iyile\u015ftirilmesi ve temel haklar\u0131n\u0131n korunmas\u0131 i\u00e7in \u00e7al\u0131\u015fmaktad\u0131r. SIG ayr\u0131ca toplumun t\u00fcm kesimleriyle [&hellip;]","og_url":"https:\/\/sigzentrum.ch\/tr\/dernek\/","og_site_name":"Schweizerische Islamische Gemeinschaft - SIG","article_modified_time":"2025-12-26T21:05:28+00:00","og_image":[{"width":1800,"height":1350,"url":"https:\/\/sigzentrum.ch\/wp-content\/uploads\/2018\/09\/gebaeude.jpg","type":"image\/jpeg"}],"twitter_card":"summary_large_image","twitter_misc":{"Tahmini okuma s\u00fcresi":"1 minute"},"schema":{"@context":"https:\/\/schema.org","@graph":[{"@type":"WebPage","@id":"https:\/\/sigzentrum.ch\/tr\/dernek\/","url":"https:\/\/sigzentrum.ch\/tr\/dernek\/","name":"Dernek - Schweizerische Islamische Gemeinschaft - SIG","isPartOf":{"@id":"https:\/\/sigzentrum.ch\/tr\/#website"},"primaryImageOfPage":{"@id":"https:\/\/sigzentrum.ch\/tr\/dernek\/#primaryimage"},"image":{"@id":"https:\/\/sigzentrum.ch\/tr\/dernek\/#primaryimage"},"thumbnailUrl":"https:\/\/sigzentrum.ch\/wp-content\/uploads\/2018\/09\/gebaeude.jpg","datePublished":"2025-12-26T21:04:57+00:00","dateModified":"2025-12-26T21:05:28+00:00","breadcrumb":{"@id":"https:\/\/sigzentrum.ch\/tr\/dernek\/#breadcrumb"},"inLanguage":"tr-TR","potentialAction":[{"@type":"ReadAction","target":["https:\/\/sigzentrum.ch\/tr\/dernek\/"]}]},{"@type":"ImageObject","inLanguage":"tr-TR","@id":"https:\/\/sigzentrum.ch\/tr\/dernek\/#primaryimage","url":"https:\/\/sigzentrum.ch\/wp-content\/uploads\/2018\/09\/gebaeude.jpg","contentUrl":"https:\/\/sigzentrum.ch\/wp-content\/uploads\/2018\/09\/gebaeude.jpg","width":1800,"height":1350},{"@type":"BreadcrumbList","@id":"https:\/\/sigzentrum.ch\/tr\/dernek\/#breadcrumb","itemListElement":[{"@type":"ListItem","position":1,"name":"Home","item":"https:\/\/sigzentrum.ch\/tr\/"},{"@type":"ListItem","position":2,"name":"Dernek"}]},{"@type":"WebSite","@id":"https:\/\/sigzentrum.ch\/tr\/#website","url":"https:\/\/sigzentrum.ch\/tr\/","name":"Schweizerische Islamische Gemeinschaft - SIG","description":"","potentialAction":[{"@type":"SearchAction","target":{"@type":"EntryPoint","urlTemplate":"https:\/\/sigzentrum.ch\/tr\/?s={search_term_string}"},"query-input":{"@type":"PropertyValueSpecification","valueRequired":true,"valueName":"search_term_string"}}],"inLanguage":"tr-TR"}]}},"_links":{"self":[{"href":"https:\/\/sigzentrum.ch\/tr\/wp-json\/wp\/v2\/pages\/6899","targetHints":{"allow":["GET"]}}],"collection":[{"href":"https:\/\/sigzentrum.ch\/tr\/wp-json\/wp\/v2\/pages"}],"about":[{"href":"https:\/\/sigzentrum.ch\/tr\/wp-json\/wp\/v2\/types\/page"}],"author":[{"embeddable":true,"href":"https:\/\/sigzentrum.ch\/tr\/wp-json\/wp\/v2\/users\/29"}],"replies":[{"embeddable":true,"href":"https:\/\/sigzentrum.ch\/tr\/wp-json\/wp\/v2\/comments?post=6899"}],"version-history":[{"count":1,"href":"https:\/\/sigzentrum.ch\/tr\/wp-json\/wp\/v2\/pages\/6899\/revisions"}],"predecessor-version":[{"id":6900,"href":"https:\/\/sigzentrum.ch\/tr\/wp-json\/wp\/v2\/pages\/6899\/revisions\/6900"}],"wp:featuredmedia":[{"embeddable":true,"href":"https:\/\/sigzentrum.ch\/tr\/wp-json\/wp\/v2\/media\/28"}],"wp:attachment":[{"href":"https:\/\/sigzentrum.ch\/tr\/wp-json\/wp\/v2\/media?parent=6899"}],"curies":[{"name":"wp","href":"https:\/\/api.w.org\/{rel}","templated":true}]}}