{"id":6907,"date":"2025-12-26T22:13:39","date_gmt":"2025-12-26T21:13:39","guid":{"rendered":"https:\/\/sigzentrum.ch\/?page_id=6907"},"modified":"2025-12-26T22:14:15","modified_gmt":"2025-12-26T21:14:15","slug":"guven","status":"publish","type":"page","link":"https:\/\/sigzentrum.ch\/tr\/guven\/","title":{"rendered":"G\u00fcven Shop"},"content":{"rendered":"\n<p>Din, Tarih, Aile, E\u011fitim, Ki\u015fisel Geli\u015fim, Roman, K\u00fclt\u00fcr-Sanat, Ara\u015ft\u0131rma, vs. 800 \u00c7e\u015fit \u00dczerinde T\u00fcrk\u00e7ee ve Almanca Kitaplar. Hediyelik E\u015fyalar, Do\u011fal \u00dcr\u00fcnler, Tekstil.<\/p>\n\n\n\n<p>A\u00e7\u0131l\u0131\u015f Saatleri:<br>Pazartesi: Kapal\u0131<br>Sal\u0131-Per\u015fembe: 09:00 \u2013 18:00<br>Cuma \u2013 Cumartesi: 09:30 \u2013 20:00<br>Pazar: 10:00 \u2013 18:00<\/p>\n","protected":false},"excerpt":{"rendered":"<p>Din, Tarih, Aile, E\u011fitim, Ki\u015fisel Geli\u015fim, Roman, K\u00fclt\u00fcr-Sanat, Ara\u015ft\u0131rma, vs. 800 \u00c7e\u015fit \u00dczerinde T\u00fcrk\u00e7ee ve Almanca Kitaplar. Hediyelik E\u015fyalar, Do\u011fal \u00dcr\u00fcnler, Tekstil. A\u00e7\u0131l\u0131\u015f Saatleri:Pazartesi: Kapal\u0131Sal\u0131-Per\u015fembe: 09:00 \u2013 18:00Cuma \u2013 Cumartesi: 09:30 \u2013 20:00Pazar: 10:00 \u2013 18:00<\/p>\n","protected":false},"author":29,"featured_media":0,"parent":0,"menu_order":0,"comment_status":"closed","ping_status":"closed","template":"","meta":{"_acf_changed":false,"footnotes":""},"class_list":["post-6907","page","type-page","status-publish","hentry"],"acf":[],"yoast_head":"<!-- This site is optimized with the Yoast SEO plugin v26.6 - https:\/\/yoast.com\/wordpress\/plugins\/seo\/ -->\n<title>G\u00fcven Shop - Schweizerische Islamische Gemeinschaft - SIG<\/title>\n<meta name=\"robots\" content=\"index, follow, max-snippet:-1, max-image-preview:large, max-video-preview:-1\" \/>\n<link rel=\"canonical\" href=\"https:\/\/sigzentrum.ch\/tr\/guven\/\" \/>\n<meta property=\"og:locale\" content=\"tr_TR\" \/>\n<meta property=\"og:type\" content=\"article\" \/>\n<meta property=\"og:title\" content=\"G\u00fcven Shop - Schweizerische Islamische Gemeinschaft - SIG\" \/>\n<meta property=\"og:description\" content=\"Din, Tarih, Aile, E\u011fitim, Ki\u015fisel Geli\u015fim, Roman, K\u00fclt\u00fcr-Sanat, Ara\u015ft\u0131rma, vs. 800 \u00c7e\u015fit \u00dczerinde T\u00fcrk\u00e7ee ve Almanca Kitaplar. Hediyelik E\u015fyalar, Do\u011fal \u00dcr\u00fcnler, Tekstil. A\u00e7\u0131l\u0131\u015f Saatleri:Pazartesi: Kapal\u0131Sal\u0131-Per\u015fembe: 09:00 \u2013 18:00Cuma \u2013 Cumartesi: 09:30 \u2013 20:00Pazar: 10:00 \u2013 18:00\" \/>\n<meta property=\"og:url\" content=\"https:\/\/sigzentrum.ch\/tr\/guven\/\" \/>\n<meta property=\"og:site_name\" content=\"Schweizerische Islamische Gemeinschaft - SIG\" \/>\n<meta property=\"article:modified_time\" content=\"2025-12-26T21:14:15+00:00\" \/>\n<meta name=\"twitter:card\" content=\"summary_large_image\" \/>\n<meta name=\"twitter:label1\" content=\"Tahmini okuma s\u00fcresi\" \/>\n\t<meta name=\"twitter:data1\" content=\"1 minute\" \/>\n<script type=\"application\/ld+json\" class=\"yoast-schema-graph\">{\"@context\":\"https:\/\/schema.org\",\"@graph\":[{\"@type\":\"WebPage\",\"@id\":\"https:\/\/sigzentrum.ch\/tr\/guven\/\",\"url\":\"https:\/\/sigzentrum.ch\/tr\/guven\/\",\"name\":\"G\u00fcven Shop - Schweizerische Islamische Gemeinschaft - SIG\",\"isPartOf\":{\"@id\":\"https:\/\/sigzentrum.ch\/tr\/#website\"},\"datePublished\":\"2025-12-26T21:13:39+00:00\",\"dateModified\":\"2025-12-26T21:14:15+00:00\",\"breadcrumb\":{\"@id\":\"https:\/\/sigzentrum.ch\/tr\/guven\/#breadcrumb\"},\"inLanguage\":\"tr-TR\",\"potentialAction\":[{\"@type\":\"ReadAction\",\"target\":[\"https:\/\/sigzentrum.ch\/tr\/guven\/\"]}]},{\"@type\":\"BreadcrumbList\",\"@id\":\"https:\/\/sigzentrum.ch\/tr\/guven\/#breadcrumb\",\"itemListElement\":[{\"@type\":\"ListItem\",\"position\":1,\"name\":\"Home\",\"item\":\"https:\/\/sigzentrum.ch\/tr\/\"},{\"@type\":\"ListItem\",\"position\":2,\"name\":\"G\u00fcven Shop\"}]},{\"@type\":\"WebSite\",\"@id\":\"https:\/\/sigzentrum.ch\/tr\/#website\",\"url\":\"https:\/\/sigzentrum.ch\/tr\/\",\"name\":\"Schweizerische Islamische Gemeinschaft - SIG\",\"description\":\"\",\"potentialAction\":[{\"@type\":\"SearchAction\",\"target\":{\"@type\":\"EntryPoint\",\"urlTemplate\":\"https:\/\/sigzentrum.ch\/tr\/?s={search_term_string}\"},\"query-input\":{\"@type\":\"PropertyValueSpecification\",\"valueRequired\":true,\"valueName\":\"search_term_string\"}}],\"inLanguage\":\"tr-TR\"}]}<\/script>\n<!-- \/ Yoast SEO plugin. -->","yoast_head_json":{"title":"G\u00fcven Shop - Schweizerische Islamische Gemeinschaft - SIG","robots":{"index":"index","follow":"follow","max-snippet":"max-snippet:-1","max-image-preview":"max-image-preview:large","max-video-preview":"max-video-preview:-1"},"canonical":"https:\/\/sigzentrum.ch\/tr\/guven\/","og_locale":"tr_TR","og_type":"article","og_title":"G\u00fcven Shop - Schweizerische Islamische Gemeinschaft - SIG","og_description":"Din, Tarih, Aile, E\u011fitim, Ki\u015fisel Geli\u015fim, Roman, K\u00fclt\u00fcr-Sanat, Ara\u015ft\u0131rma, vs. 800 \u00c7e\u015fit \u00dczerinde T\u00fcrk\u00e7ee ve Almanca Kitaplar. Hediyelik E\u015fyalar, Do\u011fal \u00dcr\u00fcnler, Tekstil. A\u00e7\u0131l\u0131\u015f Saatleri:Pazartesi: Kapal\u0131Sal\u0131-Per\u015fembe: 09:00 \u2013 18:00Cuma \u2013 Cumartesi: 09:30 \u2013 20:00Pazar: 10:00 \u2013 18:00","og_url":"https:\/\/sigzentrum.ch\/tr\/guven\/","og_site_name":"Schweizerische Islamische Gemeinschaft - SIG","article_modified_time":"2025-12-26T21:14:15+00:00","twitter_card":"summary_large_image","twitter_misc":{"Tahmini okuma s\u00fcresi":"1 minute"},"schema":{"@context":"https:\/\/schema.org","@graph":[{"@type":"WebPage","@id":"https:\/\/sigzentrum.ch\/tr\/guven\/","url":"https:\/\/sigzentrum.ch\/tr\/guven\/","name":"G\u00fcven Shop - Schweizerische Islamische Gemeinschaft - SIG","isPartOf":{"@id":"https:\/\/sigzentrum.ch\/tr\/#website"},"datePublished":"2025-12-26T21:13:39+00:00","dateModified":"2025-12-26T21:14:15+00:00","breadcrumb":{"@id":"https:\/\/sigzentrum.ch\/tr\/guven\/#breadcrumb"},"inLanguage":"tr-TR","potentialAction":[{"@type":"ReadAction","target":["https:\/\/sigzentrum.ch\/tr\/guven\/"]}]},{"@type":"BreadcrumbList","@id":"https:\/\/sigzentrum.ch\/tr\/guven\/#breadcrumb","itemListElement":[{"@type":"ListItem","position":1,"name":"Home","item":"https:\/\/sigzentrum.ch\/tr\/"},{"@type":"ListItem","position":2,"name":"G\u00fcven Shop"}]},{"@type":"WebSite","@id":"https:\/\/sigzentrum.ch\/tr\/#website","url":"https:\/\/sigzentrum.ch\/tr\/","name":"Schweizerische Islamische Gemeinschaft - SIG","description":"","potentialAction":[{"@type":"SearchAction","target":{"@type":"EntryPoint","urlTemplate":"https:\/\/sigzentrum.ch\/tr\/?s={search_term_string}"},"query-input":{"@type":"PropertyValueSpecification","valueRequired":true,"valueName":"search_term_string"}}],"inLanguage":"tr-TR"}]}},"_links":{"self":[{"href":"https:\/\/sigzentrum.ch\/tr\/wp-json\/wp\/v2\/pages\/6907","targetHints":{"allow":["GET"]}}],"collection":[{"href":"https:\/\/sigzentrum.ch\/tr\/wp-json\/wp\/v2\/pages"}],"about":[{"href":"https:\/\/sigzentrum.ch\/tr\/wp-json\/wp\/v2\/types\/page"}],"author":[{"embeddable":true,"href":"https:\/\/sigzentrum.ch\/tr\/wp-json\/wp\/v2\/users\/29"}],"replies":[{"embeddable":true,"href":"https:\/\/sigzentrum.ch\/tr\/wp-json\/wp\/v2\/comments?post=6907"}],"version-history":[{"count":1,"href":"https:\/\/sigzentrum.ch\/tr\/wp-json\/wp\/v2\/pages\/6907\/revisions"}],"predecessor-version":[{"id":6909,"href":"https:\/\/sigzentrum.ch\/tr\/wp-json\/wp\/v2\/pages\/6907\/revisions\/6909"}],"wp:attachment":[{"href":"https:\/\/sigzentrum.ch\/tr\/wp-json\/wp\/v2\/media?parent=6907"}],"curies":[{"name":"wp","href":"https:\/\/api.w.org\/{rel}","templated":true}]}}