{"id":6912,"date":"2025-12-26T22:18:00","date_gmt":"2025-12-26T21:18:00","guid":{"rendered":"https:\/\/sigzentrum.ch\/?page_id=6912"},"modified":"2025-12-26T22:18:01","modified_gmt":"2025-12-26T21:18:01","slug":"kunye","status":"publish","type":"page","link":"https:\/\/sigzentrum.ch\/tr\/kunye\/","title":{"rendered":"K\u00fcnye"},"content":{"rendered":"\n<h2 class=\"wp-block-heading\">Yay\u0131nc\u0131<\/h2>\n\n\n\n<p><strong>Schweizerische Islamische Gemeinschaft<\/strong><br>Bahnstrasse 80<br>CH-8105 Regensdorf<\/p>\n\n\n\n<p>Tel.: 044 843 20 30<br>E-posta: <a href=\"mailto:info@zentrum.ch\">info@sigzentrum.ch<\/a><\/p>\n\n\n\n<h2 class=\"wp-block-heading\">Tasar\u0131m<\/h2>\n\n\n\n<p>Enes Gedik,<br>Furkan Suv <a href=\"https:\/\/suvdesign.ch\/\">www.suvdesign.ch<\/a><\/p>\n\n\n\n<h2 class=\"wp-block-heading\">Teknik Uygulama<\/h2>\n\n\n\n<p>Kamil B. Demirci, <a href=\"https:\/\/kamildemirci.com\">www.kamildemirci.com<\/a><\/p>\n","protected":false},"excerpt":{"rendered":"<p>Yay\u0131nc\u0131 Schweizerische Islamische GemeinschaftBahnstrasse 80CH-8105 Regensdorf Tel.: 044 843 20 30E-posta: info@sigzentrum.ch Tasar\u0131m Enes Gedik,Furkan Suv www.suvdesign.ch Teknik Uygulama Kamil B. Demirci, www.kamildemirci.com<\/p>\n","protected":false},"author":29,"featured_media":0,"parent":0,"menu_order":0,"comment_status":"closed","ping_status":"closed","template":"","meta":{"_acf_changed":false,"footnotes":""},"class_list":["post-6912","page","type-page","status-publish","hentry"],"acf":[],"yoast_head":"<!-- This site is optimized with the Yoast SEO plugin v26.6 - https:\/\/yoast.com\/wordpress\/plugins\/seo\/ -->\n<title>K\u00fcnye - Schweizerische Islamische Gemeinschaft - SIG<\/title>\n<meta name=\"robots\" content=\"index, follow, max-snippet:-1, max-image-preview:large, max-video-preview:-1\" \/>\n<link rel=\"canonical\" href=\"https:\/\/sigzentrum.ch\/tr\/kunye\/\" \/>\n<meta property=\"og:locale\" content=\"tr_TR\" \/>\n<meta property=\"og:type\" content=\"article\" \/>\n<meta property=\"og:title\" content=\"K\u00fcnye - Schweizerische Islamische Gemeinschaft - SIG\" \/>\n<meta property=\"og:description\" content=\"Yay\u0131nc\u0131 Schweizerische Islamische GemeinschaftBahnstrasse 80CH-8105 Regensdorf Tel.: 044 843 20 30E-posta: info@sigzentrum.ch Tasar\u0131m Enes Gedik,Furkan Suv www.suvdesign.ch Teknik Uygulama Kamil B. Demirci, www.kamildemirci.com\" \/>\n<meta property=\"og:url\" content=\"https:\/\/sigzentrum.ch\/tr\/kunye\/\" \/>\n<meta property=\"og:site_name\" content=\"Schweizerische Islamische Gemeinschaft - SIG\" \/>\n<meta property=\"article:modified_time\" content=\"2025-12-26T21:18:01+00:00\" \/>\n<meta name=\"twitter:card\" content=\"summary_large_image\" \/>\n<meta name=\"twitter:label1\" content=\"Tahmini okuma s\u00fcresi\" \/>\n\t<meta name=\"twitter:data1\" content=\"1 minute\" \/>\n<script type=\"application\/ld+json\" class=\"yoast-schema-graph\">{\"@context\":\"https:\/\/schema.org\",\"@graph\":[{\"@type\":\"WebPage\",\"@id\":\"https:\/\/sigzentrum.ch\/tr\/kunye\/\",\"url\":\"https:\/\/sigzentrum.ch\/tr\/kunye\/\",\"name\":\"K\u00fcnye - Schweizerische Islamische Gemeinschaft - SIG\",\"isPartOf\":{\"@id\":\"https:\/\/sigzentrum.ch\/tr\/#website\"},\"datePublished\":\"2025-12-26T21:18:00+00:00\",\"dateModified\":\"2025-12-26T21:18:01+00:00\",\"breadcrumb\":{\"@id\":\"https:\/\/sigzentrum.ch\/tr\/kunye\/#breadcrumb\"},\"inLanguage\":\"tr-TR\",\"potentialAction\":[{\"@type\":\"ReadAction\",\"target\":[\"https:\/\/sigzentrum.ch\/tr\/kunye\/\"]}]},{\"@type\":\"BreadcrumbList\",\"@id\":\"https:\/\/sigzentrum.ch\/tr\/kunye\/#breadcrumb\",\"itemListElement\":[{\"@type\":\"ListItem\",\"position\":1,\"name\":\"Home\",\"item\":\"https:\/\/sigzentrum.ch\/tr\/\"},{\"@type\":\"ListItem\",\"position\":2,\"name\":\"K\u00fcnye\"}]},{\"@type\":\"WebSite\",\"@id\":\"https:\/\/sigzentrum.ch\/tr\/#website\",\"url\":\"https:\/\/sigzentrum.ch\/tr\/\",\"name\":\"Schweizerische Islamische Gemeinschaft - SIG\",\"description\":\"\",\"potentialAction\":[{\"@type\":\"SearchAction\",\"target\":{\"@type\":\"EntryPoint\",\"urlTemplate\":\"https:\/\/sigzentrum.ch\/tr\/?s={search_term_string}\"},\"query-input\":{\"@type\":\"PropertyValueSpecification\",\"valueRequired\":true,\"valueName\":\"search_term_string\"}}],\"inLanguage\":\"tr-TR\"}]}<\/script>\n<!-- \/ Yoast SEO plugin. -->","yoast_head_json":{"title":"K\u00fcnye - Schweizerische Islamische Gemeinschaft - SIG","robots":{"index":"index","follow":"follow","max-snippet":"max-snippet:-1","max-image-preview":"max-image-preview:large","max-video-preview":"max-video-preview:-1"},"canonical":"https:\/\/sigzentrum.ch\/tr\/kunye\/","og_locale":"tr_TR","og_type":"article","og_title":"K\u00fcnye - Schweizerische Islamische Gemeinschaft - SIG","og_description":"Yay\u0131nc\u0131 Schweizerische Islamische GemeinschaftBahnstrasse 80CH-8105 Regensdorf Tel.: 044 843 20 30E-posta: info@sigzentrum.ch Tasar\u0131m Enes Gedik,Furkan Suv www.suvdesign.ch Teknik Uygulama Kamil B. Demirci, www.kamildemirci.com","og_url":"https:\/\/sigzentrum.ch\/tr\/kunye\/","og_site_name":"Schweizerische Islamische Gemeinschaft - SIG","article_modified_time":"2025-12-26T21:18:01+00:00","twitter_card":"summary_large_image","twitter_misc":{"Tahmini okuma s\u00fcresi":"1 minute"},"schema":{"@context":"https:\/\/schema.org","@graph":[{"@type":"WebPage","@id":"https:\/\/sigzentrum.ch\/tr\/kunye\/","url":"https:\/\/sigzentrum.ch\/tr\/kunye\/","name":"K\u00fcnye - Schweizerische Islamische Gemeinschaft - SIG","isPartOf":{"@id":"https:\/\/sigzentrum.ch\/tr\/#website"},"datePublished":"2025-12-26T21:18:00+00:00","dateModified":"2025-12-26T21:18:01+00:00","breadcrumb":{"@id":"https:\/\/sigzentrum.ch\/tr\/kunye\/#breadcrumb"},"inLanguage":"tr-TR","potentialAction":[{"@type":"ReadAction","target":["https:\/\/sigzentrum.ch\/tr\/kunye\/"]}]},{"@type":"BreadcrumbList","@id":"https:\/\/sigzentrum.ch\/tr\/kunye\/#breadcrumb","itemListElement":[{"@type":"ListItem","position":1,"name":"Home","item":"https:\/\/sigzentrum.ch\/tr\/"},{"@type":"ListItem","position":2,"name":"K\u00fcnye"}]},{"@type":"WebSite","@id":"https:\/\/sigzentrum.ch\/tr\/#website","url":"https:\/\/sigzentrum.ch\/tr\/","name":"Schweizerische Islamische Gemeinschaft - SIG","description":"","potentialAction":[{"@type":"SearchAction","target":{"@type":"EntryPoint","urlTemplate":"https:\/\/sigzentrum.ch\/tr\/?s={search_term_string}"},"query-input":{"@type":"PropertyValueSpecification","valueRequired":true,"valueName":"search_term_string"}}],"inLanguage":"tr-TR"}]}},"_links":{"self":[{"href":"https:\/\/sigzentrum.ch\/tr\/wp-json\/wp\/v2\/pages\/6912","targetHints":{"allow":["GET"]}}],"collection":[{"href":"https:\/\/sigzentrum.ch\/tr\/wp-json\/wp\/v2\/pages"}],"about":[{"href":"https:\/\/sigzentrum.ch\/tr\/wp-json\/wp\/v2\/types\/page"}],"author":[{"embeddable":true,"href":"https:\/\/sigzentrum.ch\/tr\/wp-json\/wp\/v2\/users\/29"}],"replies":[{"embeddable":true,"href":"https:\/\/sigzentrum.ch\/tr\/wp-json\/wp\/v2\/comments?post=6912"}],"version-history":[{"count":1,"href":"https:\/\/sigzentrum.ch\/tr\/wp-json\/wp\/v2\/pages\/6912\/revisions"}],"predecessor-version":[{"id":6913,"href":"https:\/\/sigzentrum.ch\/tr\/wp-json\/wp\/v2\/pages\/6912\/revisions\/6913"}],"wp:attachment":[{"href":"https:\/\/sigzentrum.ch\/tr\/wp-json\/wp\/v2\/media?parent=6912"}],"curies":[{"name":"wp","href":"https:\/\/api.w.org\/{rel}","templated":true}]}}