{"id":6952,"date":"2025-12-28T13:52:23","date_gmt":"2025-12-28T12:52:23","guid":{"rendered":"https:\/\/sigzentrum.ch\/?page_id=6952"},"modified":"2025-12-28T13:52:26","modified_gmt":"2025-12-28T12:52:26","slug":"ukba-cenaze-yardimlasma-dernegi","status":"publish","type":"page","link":"https:\/\/sigzentrum.ch\/tr\/ukba-cenaze-yardimlasma-dernegi\/","title":{"rendered":"UKBA Cenaze Yard\u0131mla\u015fma Derne\u011fi"},"content":{"rendered":"\n<p>UKBA Bestattungshilfeverein e.V. (UKBA Cenaze Yard\u0131m Derne\u011fi), \u00fcyelerine vefat, nakil ve cenaze i\u015flemlerinde destek olan bir dayan\u0131\u015fma ve cenaze masraflar\u0131 destek toplulu\u011fudur.<\/p>\n\n\n\n<p>Kuran&#8217;da \u015f\u00f6yle bir ayet vard\u0131r: \u201cBiz insan\u0131 en g\u00fczel \u015fekilde yaratt\u0131k.\u201d (Sura T\u00een, 95:4)<br>Bu nedenle, amac\u0131m\u0131z insanlara hayattayken ve \u00f6l\u00fcmlerinde en iyi \u015fekilde yard\u0131mc\u0131 olmakt\u0131r.<\/p>\n\n\n\n<p><strong><a href=\"https:\/\/sigzentrum.ch\/wp-content\/uploads\/2025\/11\/UKBA-Form-2025.pdf\">Kay\u0131t formunu indirin<\/a><\/strong><\/p>\n\n\n\n<h2 class=\"wp-block-heading\">Sorular\u0131n\u0131z m\u0131 var?<\/h2>\n\n\n\n<p>Sorular\u0131n\u0131z i\u00e7in ekibimiz sal\u0131dan cumartesiye 09:00-17:00 saatleri aras\u0131nda telefonla hizmetinizdedir. Telefon numaras\u0131: <a href=\"tel:0448432030\">+41 44 843 20 30<\/a><\/p>\n","protected":false},"excerpt":{"rendered":"<p>UKBA Bestattungshilfeverein e.V. (UKBA Cenaze Yard\u0131m Derne\u011fi), \u00fcyelerine vefat, nakil ve cenaze i\u015flemlerinde destek olan bir dayan\u0131\u015fma ve cenaze masraflar\u0131 destek toplulu\u011fudur. Kuran&#8217;da \u015f\u00f6yle bir ayet vard\u0131r: \u201cBiz insan\u0131 en g\u00fczel \u015fekilde yaratt\u0131k.\u201d (Sura T\u00een, 95:4)Bu nedenle, amac\u0131m\u0131z insanlara hayattayken ve \u00f6l\u00fcmlerinde en iyi \u015fekilde yard\u0131mc\u0131 olmakt\u0131r. Kay\u0131t formunu indirin Sorular\u0131n\u0131z m\u0131 var? Sorular\u0131n\u0131z i\u00e7in [&hellip;]<\/p>\n","protected":false},"author":29,"featured_media":0,"parent":0,"menu_order":0,"comment_status":"closed","ping_status":"closed","template":"","meta":{"_acf_changed":false,"footnotes":""},"class_list":["post-6952","page","type-page","status-publish","hentry"],"acf":[],"yoast_head":"<!-- This site is optimized with the Yoast SEO plugin v26.6 - https:\/\/yoast.com\/wordpress\/plugins\/seo\/ -->\n<title>UKBA Cenaze Yard\u0131mla\u015fma Derne\u011fi - Schweizerische Islamische Gemeinschaft - SIG<\/title>\n<meta name=\"robots\" content=\"index, follow, max-snippet:-1, max-image-preview:large, max-video-preview:-1\" \/>\n<link rel=\"canonical\" href=\"https:\/\/sigzentrum.ch\/tr\/ukba-cenaze-yardimlasma-dernegi\/\" \/>\n<meta property=\"og:locale\" content=\"tr_TR\" \/>\n<meta property=\"og:type\" content=\"article\" \/>\n<meta property=\"og:title\" content=\"UKBA Cenaze Yard\u0131mla\u015fma Derne\u011fi - Schweizerische Islamische Gemeinschaft - SIG\" \/>\n<meta property=\"og:description\" content=\"UKBA Bestattungshilfeverein e.V. (UKBA Cenaze Yard\u0131m Derne\u011fi), \u00fcyelerine vefat, nakil ve cenaze i\u015flemlerinde destek olan bir dayan\u0131\u015fma ve cenaze masraflar\u0131 destek toplulu\u011fudur. Kuran&#8217;da \u015f\u00f6yle bir ayet vard\u0131r: \u201cBiz insan\u0131 en g\u00fczel \u015fekilde yaratt\u0131k.\u201d (Sura T\u00een, 95:4)Bu nedenle, amac\u0131m\u0131z insanlara hayattayken ve \u00f6l\u00fcmlerinde en iyi \u015fekilde yard\u0131mc\u0131 olmakt\u0131r. Kay\u0131t formunu indirin Sorular\u0131n\u0131z m\u0131 var? Sorular\u0131n\u0131z i\u00e7in [&hellip;]\" \/>\n<meta property=\"og:url\" content=\"https:\/\/sigzentrum.ch\/tr\/ukba-cenaze-yardimlasma-dernegi\/\" \/>\n<meta property=\"og:site_name\" content=\"Schweizerische Islamische Gemeinschaft - SIG\" \/>\n<meta property=\"article:modified_time\" content=\"2025-12-28T12:52:26+00:00\" \/>\n<meta name=\"twitter:card\" content=\"summary_large_image\" \/>\n<meta name=\"twitter:label1\" content=\"Tahmini okuma s\u00fcresi\" \/>\n\t<meta name=\"twitter:data1\" content=\"1 minute\" \/>\n<script type=\"application\/ld+json\" class=\"yoast-schema-graph\">{\"@context\":\"https:\/\/schema.org\",\"@graph\":[{\"@type\":\"WebPage\",\"@id\":\"https:\/\/sigzentrum.ch\/tr\/ukba-cenaze-yardimlasma-dernegi\/\",\"url\":\"https:\/\/sigzentrum.ch\/tr\/ukba-cenaze-yardimlasma-dernegi\/\",\"name\":\"UKBA Cenaze Yard\u0131mla\u015fma Derne\u011fi - Schweizerische Islamische Gemeinschaft - SIG\",\"isPartOf\":{\"@id\":\"https:\/\/sigzentrum.ch\/tr\/#website\"},\"datePublished\":\"2025-12-28T12:52:23+00:00\",\"dateModified\":\"2025-12-28T12:52:26+00:00\",\"breadcrumb\":{\"@id\":\"https:\/\/sigzentrum.ch\/tr\/ukba-cenaze-yardimlasma-dernegi\/#breadcrumb\"},\"inLanguage\":\"tr-TR\",\"potentialAction\":[{\"@type\":\"ReadAction\",\"target\":[\"https:\/\/sigzentrum.ch\/tr\/ukba-cenaze-yardimlasma-dernegi\/\"]}]},{\"@type\":\"BreadcrumbList\",\"@id\":\"https:\/\/sigzentrum.ch\/tr\/ukba-cenaze-yardimlasma-dernegi\/#breadcrumb\",\"itemListElement\":[{\"@type\":\"ListItem\",\"position\":1,\"name\":\"Home\",\"item\":\"https:\/\/sigzentrum.ch\/tr\/\"},{\"@type\":\"ListItem\",\"position\":2,\"name\":\"UKBA Cenaze Yard\u0131mla\u015fma Derne\u011fi\"}]},{\"@type\":\"WebSite\",\"@id\":\"https:\/\/sigzentrum.ch\/tr\/#website\",\"url\":\"https:\/\/sigzentrum.ch\/tr\/\",\"name\":\"Schweizerische Islamische Gemeinschaft - SIG\",\"description\":\"\",\"potentialAction\":[{\"@type\":\"SearchAction\",\"target\":{\"@type\":\"EntryPoint\",\"urlTemplate\":\"https:\/\/sigzentrum.ch\/tr\/?s={search_term_string}\"},\"query-input\":{\"@type\":\"PropertyValueSpecification\",\"valueRequired\":true,\"valueName\":\"search_term_string\"}}],\"inLanguage\":\"tr-TR\"}]}<\/script>\n<!-- \/ Yoast SEO plugin. -->","yoast_head_json":{"title":"UKBA Cenaze Yard\u0131mla\u015fma Derne\u011fi - Schweizerische Islamische Gemeinschaft - SIG","robots":{"index":"index","follow":"follow","max-snippet":"max-snippet:-1","max-image-preview":"max-image-preview:large","max-video-preview":"max-video-preview:-1"},"canonical":"https:\/\/sigzentrum.ch\/tr\/ukba-cenaze-yardimlasma-dernegi\/","og_locale":"tr_TR","og_type":"article","og_title":"UKBA Cenaze Yard\u0131mla\u015fma Derne\u011fi - Schweizerische Islamische Gemeinschaft - SIG","og_description":"UKBA Bestattungshilfeverein e.V. (UKBA Cenaze Yard\u0131m Derne\u011fi), \u00fcyelerine vefat, nakil ve cenaze i\u015flemlerinde destek olan bir dayan\u0131\u015fma ve cenaze masraflar\u0131 destek toplulu\u011fudur. Kuran&#8217;da \u015f\u00f6yle bir ayet vard\u0131r: \u201cBiz insan\u0131 en g\u00fczel \u015fekilde yaratt\u0131k.\u201d (Sura T\u00een, 95:4)Bu nedenle, amac\u0131m\u0131z insanlara hayattayken ve \u00f6l\u00fcmlerinde en iyi \u015fekilde yard\u0131mc\u0131 olmakt\u0131r. Kay\u0131t formunu indirin Sorular\u0131n\u0131z m\u0131 var? Sorular\u0131n\u0131z i\u00e7in [&hellip;]","og_url":"https:\/\/sigzentrum.ch\/tr\/ukba-cenaze-yardimlasma-dernegi\/","og_site_name":"Schweizerische Islamische Gemeinschaft - SIG","article_modified_time":"2025-12-28T12:52:26+00:00","twitter_card":"summary_large_image","twitter_misc":{"Tahmini okuma s\u00fcresi":"1 minute"},"schema":{"@context":"https:\/\/schema.org","@graph":[{"@type":"WebPage","@id":"https:\/\/sigzentrum.ch\/tr\/ukba-cenaze-yardimlasma-dernegi\/","url":"https:\/\/sigzentrum.ch\/tr\/ukba-cenaze-yardimlasma-dernegi\/","name":"UKBA Cenaze Yard\u0131mla\u015fma Derne\u011fi - Schweizerische Islamische Gemeinschaft - SIG","isPartOf":{"@id":"https:\/\/sigzentrum.ch\/tr\/#website"},"datePublished":"2025-12-28T12:52:23+00:00","dateModified":"2025-12-28T12:52:26+00:00","breadcrumb":{"@id":"https:\/\/sigzentrum.ch\/tr\/ukba-cenaze-yardimlasma-dernegi\/#breadcrumb"},"inLanguage":"tr-TR","potentialAction":[{"@type":"ReadAction","target":["https:\/\/sigzentrum.ch\/tr\/ukba-cenaze-yardimlasma-dernegi\/"]}]},{"@type":"BreadcrumbList","@id":"https:\/\/sigzentrum.ch\/tr\/ukba-cenaze-yardimlasma-dernegi\/#breadcrumb","itemListElement":[{"@type":"ListItem","position":1,"name":"Home","item":"https:\/\/sigzentrum.ch\/tr\/"},{"@type":"ListItem","position":2,"name":"UKBA Cenaze Yard\u0131mla\u015fma Derne\u011fi"}]},{"@type":"WebSite","@id":"https:\/\/sigzentrum.ch\/tr\/#website","url":"https:\/\/sigzentrum.ch\/tr\/","name":"Schweizerische Islamische Gemeinschaft - SIG","description":"","potentialAction":[{"@type":"SearchAction","target":{"@type":"EntryPoint","urlTemplate":"https:\/\/sigzentrum.ch\/tr\/?s={search_term_string}"},"query-input":{"@type":"PropertyValueSpecification","valueRequired":true,"valueName":"search_term_string"}}],"inLanguage":"tr-TR"}]}},"_links":{"self":[{"href":"https:\/\/sigzentrum.ch\/tr\/wp-json\/wp\/v2\/pages\/6952","targetHints":{"allow":["GET"]}}],"collection":[{"href":"https:\/\/sigzentrum.ch\/tr\/wp-json\/wp\/v2\/pages"}],"about":[{"href":"https:\/\/sigzentrum.ch\/tr\/wp-json\/wp\/v2\/types\/page"}],"author":[{"embeddable":true,"href":"https:\/\/sigzentrum.ch\/tr\/wp-json\/wp\/v2\/users\/29"}],"replies":[{"embeddable":true,"href":"https:\/\/sigzentrum.ch\/tr\/wp-json\/wp\/v2\/comments?post=6952"}],"version-history":[{"count":1,"href":"https:\/\/sigzentrum.ch\/tr\/wp-json\/wp\/v2\/pages\/6952\/revisions"}],"predecessor-version":[{"id":6955,"href":"https:\/\/sigzentrum.ch\/tr\/wp-json\/wp\/v2\/pages\/6952\/revisions\/6955"}],"wp:attachment":[{"href":"https:\/\/sigzentrum.ch\/tr\/wp-json\/wp\/v2\/media?parent=6952"}],"curies":[{"name":"wp","href":"https:\/\/api.w.org\/{rel}","templated":true}]}}